{"id":1350,"date":"2022-04-03T23:04:13","date_gmt":"2022-04-03T21:04:13","guid":{"rendered":"https:\/\/www.qss.hr\/?page_id=1350"},"modified":"2023-10-03T17:38:03","modified_gmt":"2023-10-03T15:38:03","slug":"o-nama-tena","status":"publish","type":"page","link":"https:\/\/www.qss.hr\/hr\/o-nama-tena\/","title":{"rendered":"About Tena"},"content":{"rendered":"<div data-vc-full-width=\"true\" data-vc-full-width-init=\"false\" class=\"vc_row wpb_row vc_row-fluid wpb_animate_when_almost_visible wpb_fadeIn fadeIn vc_custom_1648998188564 vc_row-has-fill vc_row-o-full-height vc_row-o-columns-middle vc_row-o-equal-height vc_row-flex\"><div class=\"max-wide-box wpb_column vc_column_container vc_col-sm-6\"><div class=\"vc_column-inner vc_custom_1648998450370\"><div class=\"wpb_wrapper\">\n\t<div  class=\"wpb_single_image wpb_content_element vc_align_left  vc_custom_1649019919879\">\n\t\t\n\t\t<figure class=\"wpb_wrapper vc_figure\">\n\t\t\t<div class=\"vc_single_image-wrapper   vc_box_border_grey\"><img loading=\"lazy\" decoding=\"async\" width=\"1900\" height=\"2490\" src=\"https:\/\/www.qss.hr\/wp-content\/uploads\/2022\/04\/tena1.jpg\" class=\"vc_single_image-img attachment-full\" alt=\"\" title=\"tena1\" srcset=\"https:\/\/www.qss.hr\/wp-content\/uploads\/2022\/04\/tena1.jpg 1900w, https:\/\/www.qss.hr\/wp-content\/uploads\/2022\/04\/tena1-229x300.jpg 229w, https:\/\/www.qss.hr\/wp-content\/uploads\/2022\/04\/tena1-781x1024.jpg 781w, https:\/\/www.qss.hr\/wp-content\/uploads\/2022\/04\/tena1-768x1006.jpg 768w, https:\/\/www.qss.hr\/wp-content\/uploads\/2022\/04\/tena1-1172x1536.jpg 1172w, https:\/\/www.qss.hr\/wp-content\/uploads\/2022\/04\/tena1-1563x2048.jpg 1563w, https:\/\/www.qss.hr\/wp-content\/uploads\/2022\/04\/tena1-9x12.jpg 9w\" sizes=\"auto, (max-width: 1900px) 100vw, 1900px\" \/><\/div>\n\t\t<\/figure>\n\t<\/div>\n<\/div><\/div><\/div><div class=\"wpb_column vc_column_container vc_col-sm-6\"><div class=\"vc_column-inner vc_custom_1648998385617\"><div class=\"wpb_wrapper\">\n\t<div class=\"wpb_text_column wpb_content_element \" >\n\t\t<div class=\"wpb_wrapper\">\n\t\t\t<h2><span style=\"color: #f2f2f2;\">Tena Romani<\/span><\/h2>\n<h2><span style=\"color: #f2f2f2; letter-spacing: 1px;\">Psihologinja<\/span><\/h2>\n<p>&nbsp;<\/p>\n<p><span style=\"color: #f2f2f2;\">Diplomirala je psihologiju na Filozofskom Fakultetu u Zagrebu 2009. Edukantica je kognitivno-bihevioralne terapije pri Hrvatskom udru\u017eenju za bihevioralne i kognitivne terapije, trenutno u tre\u0107em, supervizijskom stupnju. Zavr\u0161ila je i edukaciju iz bazi\u010dnog ACT:terapija prihva\u0107anjem i posve\u0107eno\u0161\u0107u.<br \/>\n<\/span><\/p>\n<p><span style=\"color: #f2f2f2;\">Tena je \u010dlanica udruge Queer Sport Split od 2011. godine, a od 2019. dr\u017ei individualna psiholo\u0161ka savjetovanja u LGBT Centru Split. Njen anga\u017eman u LGBT Centru inspiriran je mojim dubokim osobnim uvjerenjem da LGBTIQ+ osobe zaslu\u017euju dostojanstven i ravnopravan \u017eivot u zajednici i potrebom da barem malo ispravi nepravdu koju im je dru\u0161tvo nanijelo, u nadi da \u0107e to svima pomo\u0107i da izgradimo uklju\u010diviji i tolerantniji grad.<\/span><\/p>\n<p>&nbsp;<\/p>\n<p><span style=\"color: #f2f2f2;\">Kontaktirajte me na: <a style=\"color: #f2f2f2;\" href=\"mailto:savjetovanje.qss@gmail.com\">savjetovanje.qss@gmail.com<\/a>\u00a0<\/span><\/p>\n\n\t\t<\/div>\n\t<\/div>\n<\/div><\/div><\/div><\/div><div class=\"vc_row-full-width vc_clearfix\"><\/div><!-- Row Backgrounds --><div class=\"upb_color\" data-bg-override=\"0\" data-bg-color=\"#000000\" data-fadeout=\"\" data-fadeout-percentage=\"30\" data-parallax-content=\"\" data-parallax-content-sense=\"30\" data-row-effect-mobile-disable=\"true\" data-img-parallax-mobile-disable=\"true\" data-rtl=\"false\"  data-custom-vc-row=\"\"  data-vc=\"6.8.0\"  data-is_old_vc=\"\"  data-theme-support=\"\"   data-overlay=\"false\" data-overlay-color=\"\" data-overlay-pattern=\"\" data-overlay-pattern-opacity=\"\" data-overlay-pattern-size=\"\"    ><\/div>\n","protected":false},"excerpt":{"rendered":"Tena Romani Psihologinja &nbsp; Diplomirala je psihologiju na Filozofskom Fakultetu u Zagrebu 2009. Edukantica je kognitivno-bihevioralne terapije pri Hrvatskom udru\u017eenju za bihevioralne i kognitivne terapije, trenutno u tre\u0107em, supervizijskom stupnju. Zavr\u0161ila je i edukaciju iz bazi\u010dnog ACT:terapija prihva\u0107anjem i posve\u0107eno\u0161\u0107u. Tena je \u010dlanica udruge Queer Sport Split od 2011. godine, a od 2019. dr\u017ei individualna [...]","protected":false},"author":1,"featured_media":0,"parent":0,"menu_order":11,"comment_status":"closed","ping_status":"closed","template":"page.php","meta":{"footnotes":""},"class_list":["post-1350","page","type-page","status-publish","hentry"],"_links":{"self":[{"href":"https:\/\/www.qss.hr\/hr\/wp-json\/wp\/v2\/pages\/1350","targetHints":{"allow":["GET"]}}],"collection":[{"href":"https:\/\/www.qss.hr\/hr\/wp-json\/wp\/v2\/pages"}],"about":[{"href":"https:\/\/www.qss.hr\/hr\/wp-json\/wp\/v2\/types\/page"}],"author":[{"embeddable":true,"href":"https:\/\/www.qss.hr\/hr\/wp-json\/wp\/v2\/users\/1"}],"replies":[{"embeddable":true,"href":"https:\/\/www.qss.hr\/hr\/wp-json\/wp\/v2\/comments?post=1350"}],"version-history":[{"count":6,"href":"https:\/\/www.qss.hr\/hr\/wp-json\/wp\/v2\/pages\/1350\/revisions"}],"predecessor-version":[{"id":1608,"href":"https:\/\/www.qss.hr\/hr\/wp-json\/wp\/v2\/pages\/1350\/revisions\/1608"}],"wp:attachment":[{"href":"https:\/\/www.qss.hr\/hr\/wp-json\/wp\/v2\/media?parent=1350"}],"curies":[{"name":"wp","href":"https:\/\/api.w.org\/{rel}","templated":true}]}}