{"id":1243,"date":"2022-04-03T16:50:40","date_gmt":"2022-04-03T14:50:40","guid":{"rendered":"https:\/\/www.qss.hr\/?page_id=1243"},"modified":"2023-10-09T11:55:09","modified_gmt":"2023-10-09T09:55:09","slug":"o-nama-petar","status":"publish","type":"page","link":"https:\/\/www.qss.hr\/hr\/o-nama-petar\/","title":{"rendered":"About Petar"},"content":{"rendered":"<div data-vc-full-width=\"true\" data-vc-full-width-init=\"false\" class=\"vc_row wpb_row vc_row-fluid wpb_animate_when_almost_visible wpb_fadeIn fadeIn vc_custom_1648998188564 vc_row-has-fill vc_row-o-full-height vc_row-o-columns-middle vc_row-o-equal-height vc_row-flex\"><div class=\"max-wide-box wpb_column vc_column_container vc_col-sm-6\"><div class=\"vc_column-inner vc_custom_1648998450370\"><div class=\"wpb_wrapper\">\n\t<div  class=\"wpb_single_image wpb_content_element vc_align_left  vc_custom_1648998267391\">\n\t\t\n\t\t<figure class=\"wpb_wrapper vc_figure\">\n\t\t\t<div class=\"vc_single_image-wrapper   vc_box_border_grey\"><img loading=\"lazy\" decoding=\"async\" width=\"1900\" height=\"2490\" src=\"https:\/\/www.qss.hr\/wp-content\/uploads\/2022\/04\/petar-1.jpg\" class=\"vc_single_image-img attachment-full\" alt=\"\" title=\"petar-1\" srcset=\"https:\/\/www.qss.hr\/wp-content\/uploads\/2022\/04\/petar-1.jpg 1900w, https:\/\/www.qss.hr\/wp-content\/uploads\/2022\/04\/petar-1-229x300.jpg 229w, https:\/\/www.qss.hr\/wp-content\/uploads\/2022\/04\/petar-1-781x1024.jpg 781w, https:\/\/www.qss.hr\/wp-content\/uploads\/2022\/04\/petar-1-768x1006.jpg 768w, https:\/\/www.qss.hr\/wp-content\/uploads\/2022\/04\/petar-1-1172x1536.jpg 1172w, https:\/\/www.qss.hr\/wp-content\/uploads\/2022\/04\/petar-1-1563x2048.jpg 1563w, https:\/\/www.qss.hr\/wp-content\/uploads\/2022\/04\/petar-1-9x12.jpg 9w\" sizes=\"auto, (max-width: 1900px) 100vw, 1900px\" \/><\/div>\n\t\t<\/figure>\n\t<\/div>\n<\/div><\/div><\/div><div class=\"wpb_column vc_column_container vc_col-sm-6\"><div class=\"vc_column-inner vc_custom_1648998385617\"><div class=\"wpb_wrapper\">\n\t<div class=\"wpb_text_column wpb_content_element \" >\n\t\t<div class=\"wpb_wrapper\">\n\t\t\t<h2><span style=\"color: #f2f2f2;\">Petar Duki\u0107<\/span><\/h2>\n<h2><span style=\"color: #f2f2f2; letter-spacing: 1px;\">Savjetodavni terapeut<\/span><\/h2>\n<p>&nbsp;<\/p>\n<p><span style=\"color: #f2f2f2;\">Diplomirao je\u00a0 sociologiju te je trenutno apsolvent integrativne tjelesno orijentirane psihoterapije pri Centru za integrativni razvoj.<\/span><\/p>\n<p><span style=\"color: #f2f2f2;\">\u00a0Poha\u0111ao je mnoge me\u0111unarodne edukacije iz Gestalt Theatre, Mindfulness programa za smanjenje stresa i Embodimenta te je zavr\u0161io i Propedeutiku psihoterapije.<\/span><\/p>\n<p><span style=\"color: #f2f2f2;\">Petar je savjetodavni terapeut u Queer Sport Splitu gdje provodi projekt usmjeren na afirmativno ili uklju\u010divo mentalno zdravlje LGBTIQ+ osoba. Tako\u0111er, u QSSu vodi online individualnu psihosocijalnu podr\u0161ku, iskustvene radionice osobnog razvoja te grupe podr\u0161ke.<\/span><\/p>\n<p><span style=\"color: #f2f2f2;\">Kontakt: <a style=\"color: #f2f2f2;\" href=\"mailto:savjetovanje.qss@gmail.com\">savjetovanje.qss@gmail.com<\/a>\u00a0<\/span><\/p>\n\n\t\t<\/div>\n\t<\/div>\n<\/div><\/div><\/div><\/div><div class=\"vc_row-full-width vc_clearfix\"><\/div><!-- Row Backgrounds --><div class=\"upb_color\" data-bg-override=\"0\" data-bg-color=\"#000000\" data-fadeout=\"\" data-fadeout-percentage=\"30\" data-parallax-content=\"\" data-parallax-content-sense=\"30\" data-row-effect-mobile-disable=\"true\" data-img-parallax-mobile-disable=\"true\" data-rtl=\"false\"  data-custom-vc-row=\"\"  data-vc=\"6.8.0\"  data-is_old_vc=\"\"  data-theme-support=\"\"   data-overlay=\"false\" data-overlay-color=\"\" data-overlay-pattern=\"\" data-overlay-pattern-opacity=\"\" data-overlay-pattern-size=\"\"    ><\/div>\n","protected":false},"excerpt":{"rendered":"Petar Duki\u0107 Savjetodavni terapeut &nbsp; Diplomirao je\u00a0 sociologiju te je trenutno apsolvent integrativne tjelesno orijentirane psihoterapije pri Centru za integrativni razvoj. \u00a0Poha\u0111ao je mnoge me\u0111unarodne edukacije iz Gestalt Theatre, Mindfulness programa za smanjenje stresa i Embodimenta te je zavr\u0161io i Propedeutiku psihoterapije. Petar je savjetodavni terapeut u Queer Sport Splitu gdje provodi projekt usmjeren na [...]","protected":false},"author":1,"featured_media":0,"parent":0,"menu_order":11,"comment_status":"closed","ping_status":"closed","template":"page.php","meta":{"footnotes":""},"class_list":["post-1243","page","type-page","status-publish","hentry"],"_links":{"self":[{"href":"https:\/\/www.qss.hr\/hr\/wp-json\/wp\/v2\/pages\/1243","targetHints":{"allow":["GET"]}}],"collection":[{"href":"https:\/\/www.qss.hr\/hr\/wp-json\/wp\/v2\/pages"}],"about":[{"href":"https:\/\/www.qss.hr\/hr\/wp-json\/wp\/v2\/types\/page"}],"author":[{"embeddable":true,"href":"https:\/\/www.qss.hr\/hr\/wp-json\/wp\/v2\/users\/1"}],"replies":[{"embeddable":true,"href":"https:\/\/www.qss.hr\/hr\/wp-json\/wp\/v2\/comments?post=1243"}],"version-history":[{"count":18,"href":"https:\/\/www.qss.hr\/hr\/wp-json\/wp\/v2\/pages\/1243\/revisions"}],"predecessor-version":[{"id":1631,"href":"https:\/\/www.qss.hr\/hr\/wp-json\/wp\/v2\/pages\/1243\/revisions\/1631"}],"wp:attachment":[{"href":"https:\/\/www.qss.hr\/hr\/wp-json\/wp\/v2\/media?parent=1243"}],"curies":[{"name":"wp","href":"https:\/\/api.w.org\/{rel}","templated":true}]}}