{"id":1234,"date":"2022-04-03T14:45:58","date_gmt":"2022-04-03T12:45:58","guid":{"rendered":"https:\/\/www.qss.hr\/?page_id=1234"},"modified":"2022-05-03T01:48:28","modified_gmt":"2022-05-02T23:48:28","slug":"o-nama","status":"publish","type":"page","link":"https:\/\/www.qss.hr\/hr\/o-nama\/","title":{"rendered":"O Nama"},"content":{"rendered":"<div class=\"vc_row wpb_row vc_row-fluid vc_custom_1482265571400\"><div class=\"wpb_column vc_column_container vc_col-sm-12\"><div class=\"vc_column-inner\"><div class=\"wpb_wrapper\"><div class=\"ult-animation  ult-animate-viewport  ult-no-mobile \" data-animate=\"fadeIn\" data-animation-delay=\"0\" data-animation-duration=\"3\" data-animation-iteration=\"1\" style=\"opacity:0;\" data-opacity_start_effect=\"\"><div class=\"ult-spacer spacer-69eccaa3ce438\" data-id=\"69eccaa3ce438\" data-height=\"40\" data-height-mobile=\"40\" data-height-tab=\"40\" data-height-tab-portrait=\"\" data-height-mobile-landscape=\"\" style=\"clear:both;display:block;\"><\/div><h2 style=\"font-size: 40px;text-align: center\" class=\"vc_custom_heading\" >O NAMA<\/h2><div class=\"vc_empty_space\"   style=\"height: 15px\"><span class=\"vc_empty_space_inner\"><\/span><\/div><div class=\"vc_row wpb_row vc_inner vc_row-fluid\"><div class=\"wpb_column vc_column_container vc_col-sm-2\"><div class=\"vc_column-inner\"><div class=\"wpb_wrapper\"><\/div><\/div><\/div><div class=\"wpb_column vc_column_container vc_col-sm-8\"><div class=\"vc_column-inner\"><div class=\"wpb_wrapper\">\n\t<div class=\"wpb_text_column wpb_content_element \" >\n\t\t<div class=\"wpb_wrapper\">\n\t\t\t<p><span style=\"font-weight: 400;\">Queer Sport Split (QSS) nastala je kao neformalna inicijativa 2005, a od 2011. slu\u017ebeno je registrirana kao udruga. Na svojim po\u010decima .kroz sport, rekreaciju i dru\u0161tvene aktivnosti djeluje na osna\u017eivanju lokalne LGBTIQ zajednice te zagovaranju LGBTIQ prava. Tijekom posljednjih nekoliko godina organizacija se pozicionirala kao jedina udruga na podru\u010dju grada Splita s ciljem pru\u017eanja psihosocijalne podr\u0161ke i podr\u0161ke \u017ertvama nasilja i diskriminacije te provo\u0111enja grupne podr\u0161ke, programa osobnog rasta i razvoja te vr\u0161nja\u010dke podr\u0161ke. <\/span><span style=\"font-weight: 400;\">Na me\u0111unarodnom nivou organizacija je provela i jo\u0161 provodi niz partnerskih projekata kroz program Eurpske komisije Erasmus+, u poljima od inkluzivnog sporta do psihosocijalne podr\u0161ke.\u00a0<\/span><\/p>\n<p><span style=\"font-weight: 400;\">Od 2019. udruga je i \u010dlanica <\/span><a href=\"https:\/\/lgbtcentarsplit.org\/\"><span style=\"font-weight: 400;\">LGBT Centra Split<\/span><\/a><span style=\"font-weight: 400;\"> koji predstavlja dru\u0161tveno-kulturni centar lokalne LGBTIQ zajednice. Platforma LGBT Centra Split djeluje na vrijednostima inkluzivnosti, tolerancije, nenasilja, antifa\u0161izma i querfeminizma. Organizacije civilnog dru\u0161tva uklju\u010dene u Platformu osim <\/span><a href=\"http:\/\/www.qss.hr\/\"><span style=\"font-weight: 400;\">Queer Sport Split<\/span><\/a><span style=\"font-weight: 400;\"> su <\/span><a href=\"https:\/\/www.domine.hr\/\"><span style=\"font-weight: 400;\">Domine<\/span><\/a><span style=\"font-weight: 400;\">, <\/span><a href=\"https:\/\/queeranarchive.hr\/\"><span style=\"font-weight: 400;\">queerANarchive<\/span><\/a><span style=\"font-weight: 400;\">, <\/span><a href=\"http:\/\/pdm.hr\/\"><span style=\"font-weight: 400;\">Platforma Doma mladih<\/span><\/a><span style=\"font-weight: 400;\">, <\/span><a href=\"http:\/\/www.fraktalfalusteatar.com\/\"><span style=\"font-weight: 400;\">Uzgon<\/span><\/a><span style=\"font-weight: 400;\"> i <\/span><a href=\"https:\/\/www.facebook.com\/lgbt.pride.split\"><span style=\"font-weight: 400;\">Split Pride<\/span><\/a><span style=\"font-weight: 400;\">.<\/span><\/p>\n\n\t\t<\/div>\n\t<\/div>\n<\/div><\/div><\/div><div class=\"wpb_column vc_column_container vc_col-sm-2\"><div class=\"vc_column-inner\"><div class=\"wpb_wrapper\"><\/div><\/div><\/div><\/div><div class=\"vc_empty_space\"   style=\"height: 30px\"><span class=\"vc_empty_space_inner\"><\/span><\/div><\/div><\/div><\/div><\/div><\/div><!-- Row Backgrounds --><div class=\"upb_color\" data-bg-override=\"ex-full\" data-bg-color=\"#f9f9f9\" data-fadeout=\"\" data-fadeout-percentage=\"30\" data-parallax-content=\"\" data-parallax-content-sense=\"30\" data-row-effect-mobile-disable=\"true\" data-img-parallax-mobile-disable=\"true\" data-rtl=\"false\"  data-custom-vc-row=\"\"  data-vc=\"6.8.0\"  data-is_old_vc=\"\"  data-theme-support=\"\"   data-overlay=\"false\" data-overlay-color=\"\" data-overlay-pattern=\"\" data-overlay-pattern-opacity=\"\" data-overlay-pattern-size=\"\"    ><\/div><div class=\"vc_row wpb_row vc_row-fluid vc_custom_1649713799931 vc_column-gap-35\"><div class=\"wpb_column vc_column_container vc_col-sm-4\"><div class=\"vc_column-inner\"><div class=\"wpb_wrapper\"><div class=\"ult-spacer spacer-69eccaa3cfd2f\" data-id=\"69eccaa3cfd2f\" data-height=\"40\" data-height-mobile=\"40\" data-height-tab=\"40\" data-height-tab-portrait=\"\" data-height-mobile-landscape=\"\" style=\"clear:both;display:block;\"><\/div><h6 style=\"text-align: left\" class=\"vc_custom_heading\" >NA\u0160E VRIJEDNOSTI<\/h6>\n\t<div class=\"wpb_text_column wpb_content_element \" >\n\t\t<div class=\"wpb_wrapper\">\n\t\t\t<p>Od 2019. udruga je i \u010dlanica\u00a0<a href=\"https:\/\/lgbtcentarsplit.org\/\">LGBT Centra Split<\/a>\u00a0koji predstavlja dru\u0161tveno-kulturni centar lokalne LGBTIQ zajednice. Platforma LGBT Centra Split djeluje na vrijednostima inkluzivnosti, tolerancije, nenasilja, antifa\u0161izma i querfeminizma. Organizacije civilnog dru\u0161tva uklju\u010dene u Platformu osim\u00a0<a href=\"http:\/\/www.qss.hr\/\">Queer Sport Split<\/a>\u00a0su\u00a0<a href=\"https:\/\/www.domine.hr\/\">Domine<\/a>,\u00a0<a href=\"https:\/\/queeranarchive.hr\/\">queerANarchive<\/a>,\u00a0<a href=\"http:\/\/pdm.hr\/\">Platforma Doma mladih<\/a>,\u00a0<a href=\"http:\/\/www.fraktalfalusteatar.com\/\">Uzgon<\/a>\u00a0i\u00a0<a href=\"https:\/\/www.facebook.com\/lgbt.pride.split\">Split Pride<\/a>.<\/p>\n\n\t\t<\/div>\n\t<\/div>\n<div class=\"ult-spacer spacer-69eccaa3cfe75\" data-id=\"69eccaa3cfe75\" data-height=\"\" data-height-mobile=\"40\" data-height-tab=\"\" data-height-tab-portrait=\"\" data-height-mobile-landscape=\"40\" style=\"clear:both;display:block;\"><\/div><\/div><\/div><\/div><div class=\"wpb_column vc_column_container vc_col-sm-4\"><div class=\"vc_column-inner\"><div class=\"wpb_wrapper\"><div class=\"ult-spacer spacer-69eccaa3cff28\" data-id=\"69eccaa3cff28\" data-height=\"40\" data-height-mobile=\"40\" data-height-tab=\"40\" data-height-tab-portrait=\"\" data-height-mobile-landscape=\"\" style=\"clear:both;display:block;\"><\/div><h6 style=\"text-align: left\" class=\"vc_custom_heading\" >NA\u0160A MISIJA<\/h6>\n\t<div class=\"wpb_text_column wpb_content_element \" >\n\t\t<div class=\"wpb_wrapper\">\n\t\t\t<p>Tijekom posljednjih nekoliko godina organizacija se pozicionirala kao jedina udruga na podru\u010dju grada Splita s ciljem pru\u017eanja psihosocijalne podr\u0161ke i podr\u0161ke \u017ertvama nasilja i diskriminacije te provo\u0111enja grupne podr\u0161ke, programa osobnog rasta i razvoja te vr\u0161nja\u010dke podr\u0161ke.\u00a0Na me\u0111unarodnom nivou organizacija je provela i jo\u0161 provodi niz partnerskih projekata<\/p>\n\n\t\t<\/div>\n\t<\/div>\n<div class=\"ult-spacer spacer-69eccaa3d0020\" data-id=\"69eccaa3d0020\" data-height=\"0\" data-height-mobile=\"40\" data-height-tab=\"\" data-height-tab-portrait=\"\" data-height-mobile-landscape=\"40\" style=\"clear:both;display:block;\"><\/div><\/div><\/div><\/div><div class=\"wpb_column vc_column_container vc_col-sm-4\"><div class=\"vc_column-inner\"><div class=\"wpb_wrapper\"><div class=\"ult-spacer spacer-69eccaa3d0116\" data-id=\"69eccaa3d0116\" data-height=\"40\" data-height-mobile=\"40\" data-height-tab=\"40\" data-height-tab-portrait=\"\" data-height-mobile-landscape=\"\" style=\"clear:both;display:block;\"><\/div><h6 style=\"text-align: left\" class=\"vc_custom_heading\" >NA\u0160E VJE\u0160TINE<\/h6><div class=\"vc_empty_space\"   style=\"height: 25px\"><span class=\"vc_empty_space_inner\"><\/span><\/div><div class=\"vc_progress_bar wpb_content_element\" ><div id=\"vc_progress_bar-1908668138\" class=\"vc_progress_bar-1908668138 vc_general vc_single_bar notinview\"><small class=\"vc_label\">SPORT<\/small><div class=\"skillbar-bar\"><span class=\"vc_bar \" data-percentage-value=\"95\" data-value=\"95\" style=\"background-color:#212121;\"><\/span><div class=\"pointerval\"><span class=\"pointer\"><\/span> <span  class=\"vc_label_units\" data-units=\"%\">95%<\/span><\/div><\/div><\/div><div id=\"vc_progress_bar-1431119921\" class=\"vc_progress_bar-1431119921 vc_general vc_single_bar notinview\"><small class=\"vc_label\">SAVJETOVANJE<\/small><div class=\"skillbar-bar\"><span class=\"vc_bar \" data-percentage-value=\"85\" data-value=\"85\" style=\"background-color:#212121;\"><\/span><div class=\"pointerval\"><span class=\"pointer\"><\/span> <span  class=\"vc_label_units\" data-units=\"%\">85%<\/span><\/div><\/div><\/div><div id=\"vc_progress_bar-353990645\" class=\"vc_progress_bar-353990645 vc_general vc_single_bar notinview\"><small class=\"vc_label\">SURADNJA<\/small><div class=\"skillbar-bar\"><span class=\"vc_bar \" data-percentage-value=\"70\" data-value=\"70\" style=\"background-color:#212121;\"><\/span><div class=\"pointerval\"><span class=\"pointer\"><\/span> <span  class=\"vc_label_units\" data-units=\"%\">70%<\/span><\/div><\/div><\/div><div id=\"vc_progress_bar-1797446667\" class=\"vc_progress_bar-1797446667 vc_general vc_single_bar notinview\"><small class=\"vc_label\">ZAGOVARANJE<\/small><div class=\"skillbar-bar\"><span class=\"vc_bar \" data-percentage-value=\"65\" data-value=\"65\" style=\"background-color:#212121;\"><\/span><div class=\"pointerval\"><span class=\"pointer\"><\/span> <span  class=\"vc_label_units\" data-units=\"%\">65%<\/span><\/div><\/div><\/div><\/div><div class=\"ult-spacer spacer-69eccaa3d053a\" data-id=\"69eccaa3d053a\" data-height=\"0\" data-height-mobile=\"40\" data-height-tab=\"\" data-height-tab-portrait=\"\" data-height-mobile-landscape=\"40\" style=\"clear:both;display:block;\"><\/div><\/div><\/div><\/div><\/div><div class=\"vc_row wpb_row vc_row-fluid vc_custom_1481147376869\"><div class=\"wpb_column vc_column_container vc_col-sm-12\"><div class=\"vc_column-inner\"><div class=\"wpb_wrapper\"><h3 style=\"text-align: center\" class=\"vc_custom_heading\" >Na\u0161 tim<\/h3><div class=\"vc_empty_space\"   style=\"height: 40px\"><span class=\"vc_empty_space_inner\"><\/span><\/div><style type='text\/css'>#cbpw-wrap74 {margin:0px 0px 0px 0px;}#cbpw-grid74 .cbp-l-caption-title {color:#fff;background-color:transparent;font-size:16px;font-family:Open Sans;font-weight:700;font-style:normal;line-height:18px;text-align:left;padding:0px 0px 0px 0px;margin:0px 0px 0px 0px;text-transform:uppercase;}#cbpw-grid74 .cbp-l-caption-desc {color:#ababab;background-color:transparent;font-size:12px;font-family:Open Sans;font-weight:400;font-style:normal;line-height:16px;text-align:left;padding:0px 0px 0px 0px;margin:10px 0px 0px 0px;text-transform:none;}#cbpw-grid74 .cbp-caption-activeWrap {background-color:#101010;}#cbpw-loadMore74 .cbp-l-loadMore-link {color:#212121;background-color:transparent;border-width:2px 2px 2px 2px;border-style:solid;border-color:#303030;font-size:12px;font-family:Montserrat,sans-serif;font-weight:600;font-style:normal;line-height:34px;text-align:center;padding:0px 30px 0px 30px;margin:40px 0px 0px 0px;text-transform:none;}#cbpw-loadMore74 .cbp-l-loadMore-link:hover {color:#212121;background-color:transparent;border-width:2px 2px 2px 2px;border-style:solid;border-color:#303030;font-size:12px;font-family:Montserrat,sans-serif;font-weight:600;font-style:normal;line-height:34px;text-align:center;padding:0px 30px 0px 30px;margin:40px 0px 0px 0px;text-transform:none;}#cbpw-loadMore74 .cbp-l-loadMore-loading {color:#212121;background-color:transparent;border-width:2px 2px 2px 2px;border-style:solid;border-color:#303030;font-size:12px;font-family:Montserrat,sans-serif;font-weight:600;font-style:normal;line-height:34px;text-align:center;padding:0px 30px 0px 30px;margin:40px 0px 0px 0px;text-transform:none;}#cbpw-loadMore74 .cbp-l-loadMore-loading:hover {color:#212121;background-color:transparent;border-width:2px 2px 2px 2px;border-style:solid;border-color:#303030;font-size:12px;font-family:Montserrat,sans-serif;font-weight:600;font-style:normal;line-height:34px;text-align:center;padding:0px 30px 0px 30px;margin:40px 0px 0px 0px;text-transform:none;}#cbpw-loadMore74 .cbp-l-loadMore-stop {color:#B0B0B0;background-color:transparent;border-width:1px 1px 1px 1px;border-style:solid;border-color:#DEDEDE;font-size:12px;font-family:Montserrat,sans-serif;font-weight:600;font-style:normal;line-height:34px;text-align:center;padding:0px 30px 0px 30px;margin:40px 0px 0px 0px;text-transform:none;}#cbpw-loadMore74 .cbp-l-loadMore-stop:hover {color:#B0B0B0;background-color:transparent;border-width:1px 1px 1px 1px;border-style:solid;border-color:#DEDEDE;font-size:12px;font-family:Montserrat,sans-serif;font-weight:600;font-style:normal;line-height:34px;text-align:center;padding:0px 30px 0px 30px;margin:40px 0px 0px 0px;text-transform:none;}#cbpw-singlePage74 .cbp-popup-navigation-wrap {background-color:#34425C;}#cbpw-singlePage74 .cbp-popup-singlePage-counter {color:#bbc0df;font-size:13px;font-family:Open Sans;font-weight:400;font-style:normal;}<\/style><link rel=\"stylesheet\" href=\"\/\/fonts.googleapis.com\/css?family=Open+Sans:700normal,400normal\" type=\"text\/css\" media=\"all\" property=\"stylesheet\"><link rel=\"stylesheet\" href=\"\/\/fonts.googleapis.com\/css?family=Montserrat:600normal\" type=\"text\/css\" media=\"all\" property=\"stylesheet\"><div class=\"cbpw-fullWidth-force\"><div id=\"cbpw-wrap74\"><div id=\"cbpw-grid74\" class=\"cbp-l-grid-gallery cbp\"><div><div class=\"cbp-item des-project slider\"><a href=\"\/\/www.qss.hr\/hr\/o-nama-petar\/\" class=\"cbp-caption cbp-simpleLink\" data-title=\"Blake Personal Watch\"><div class=\"cbp-caption-defaultWrap\"><img decoding=\"async\" src=\"\/\/www.qss.hr\/wp-content\/uploads\/2022\/04\/petar10.jpg\" alt=\"\"><\/div><div class=\"cbp-caption-activeWrap\"><div class=\"cbp-l-caption-alignLeft\"><div class=\"cbp-l-caption-body\"><div class=\"cbp-l-caption-title\">Petar Duki\u0107<\/div><div class=\"cbp-l-caption-desc\">Savjetodavni terapeut<\/div><\/div><\/div><\/div><\/a><\/div><div class=\"cbp-item des-project image\"><a href=\"\/\/www.qss.hr\/hr\/o-nama-tena\/\" class=\"cbp-caption cbp-simpleLink\" data-title=\"White Apple Ipad\"><div class=\"cbp-caption-defaultWrap\"><img decoding=\"async\" src=\"\/\/www.qss.hr\/wp-content\/uploads\/2022\/04\/tena300.jpg\" alt=\"\"><\/div><div class=\"cbp-caption-activeWrap\"><div class=\"cbp-l-caption-alignLeft\"><div class=\"cbp-l-caption-body\"><div class=\"cbp-l-caption-title\">Tena Romani<\/div><div class=\"cbp-l-caption-desc\">Psihologinja<\/div><\/div><\/div><\/div><\/a><\/div><\/div><\/div><\/div><\/div><script type=\"text\/javascript\">this.initCubePortfolio =  this.initCubePortfolio || []; this.initCubePortfolio.push({id: 74, options: {\"filters\":\"\",\"loadMore\":\"\",\"loadMoreAction\":\"click\",\"search\":\"\",\"layoutMode\":\"grid\",\"sortToPreventGaps\":false,\"drag\":true,\"auto\":false,\"autoTimeout\":5000,\"autoPauseOnHover\":true,\"showNavigation\":false,\"showPagination\":true,\"rewindNav\":true,\"scrollByPage\":false,\"defaultFilter\":\"*\",\"filterDeeplinking\":false,\"animationType\":\"quicksand\",\"gridAdjustment\":\"responsive\",\"mediaQueries\":[{\"width\":1400,\"cols\":4},{\"width\":1170,\"cols\":4},{\"width\":1024,\"cols\":4},{\"width\":960,\"cols\":4},{\"width\":778,\"cols\":3},{\"width\":640,\"cols\":2},{\"width\":480,\"cols\":1}],\"gapHorizontal\":20,\"gapVertical\":20,\"caption\":\"overlayRightAlong\",\"displayType\":\"bottomToTop\",\"displayTypeSpeed\":100,\"lightboxDelegate\":\".cbp-lightbox\",\"lightboxGallery\":true,\"lightboxTitleSrc\":\"data-title\",\"lightboxCounter\":\"<div class=\\\"cbp-popup-lightbox-counter\\\">{{current}} of {{total}}<\/div>\",\"singlePageDelegate\":\".cbp-singlePage\",\"singlePageDeeplinking\":true,\"singlePageStickyNavigation\":true,\"singlePageCounter\":\"<div class=\\\"cbp-popup-singlePage-counter\\\">{{current}} of {{total}}<\/div>\",\"singlePageAnimation\":\"middle\",\"singlePageInlineDelegate\":\".cbp-singlePageInline\",\"singlePageInlineDeeplinking\":false,\"singlePageInlinePosition\":\"below\",\"singlePageInlineInFocus\":true,\"plugins\":{},\"cols\":3,\"coverRatio\":\"\",\"displayItemsLoadMore\":3}});<\/script><\/div><\/div><\/div><\/div><!-- Row Backgrounds --><div class=\"upb_color\" data-bg-override=\"ex-full\" data-bg-color=\"#f4f4f4\" data-fadeout=\"\" data-fadeout-percentage=\"30\" data-parallax-content=\"\" data-parallax-content-sense=\"30\" data-row-effect-mobile-disable=\"true\" data-img-parallax-mobile-disable=\"true\" data-rtl=\"false\"  data-custom-vc-row=\"\"  data-vc=\"6.8.0\"  data-is_old_vc=\"\"  data-theme-support=\"\"   data-overlay=\"false\" data-overlay-color=\"\" data-overlay-pattern=\"\" data-overlay-pattern-opacity=\"\" data-overlay-pattern-size=\"\"    ><\/div><div class=\"vc_row wpb_row vc_row-fluid vc_custom_1620409820618\"><div class=\"wpb_column vc_column_container vc_col-sm-4\"><div class=\"vc_column-inner\"><div class=\"wpb_wrapper\"><\/div><\/div><\/div><div class=\"wpb_column vc_column_container vc_col-sm-8\"><div class=\"vc_column-inner vc_custom_1462377799344\"><div class=\"wpb_wrapper\"><h4 style=\"color: #101010;text-align: center\" class=\"vc_custom_heading\" >Psihosocijalno savjetovanje<\/h4><p style=\"font-size: 15px;line-height: 25px;text-align: center\" class=\"vc_custom_heading\" >U na\u0161em savjetovali\u0161tu, u sigurnom okru\u017eenju i sa stru\u010dnim osobama dobit \u0107e\u0161 svu potrebnu podr\u0161ku. Usluge savjetovali\u0161ta su besplatne. U savjetovali\u0161tu ti je osigurana povjerljivost i za\u0161tita identiteta, te se vodimo na\u010delom po\u0161tivanja razli\u010ditosti.<\/p><div class=\"vc_empty_space\"   style=\"height: 20px\"><span class=\"vc_empty_space_inner\"><\/span><\/div><div class=\"vc_btn3-container vc_btn3-center\" ><a onmouseleave=\"this.style.borderColor='#666666'; this.style.backgroundColor='transparent'; this.style.color='#666666'\" onmouseenter=\"this.style.borderColor='#666666'; this.style.backgroundColor='#666666'; this.style.color='#ffffff';\" style=\"border-color:#666666; color:#666666;\" class=\"vc_general vc_btn3 vc_btn3-size-xs vc_btn3-shape-rounded vc_btn3-style-outline-custom\" href=\"https:\/\/www.qss.hr\/kontakt\/\" title=\"Kontakt\">JAVITE NAM SE<\/a><\/div><\/div><\/div><\/div><\/div><!-- Row Backgrounds --><div class=\"upb_bg_img\" data-ultimate-bg=\"url(https:\/\/www.qss.hr\/wp-content\/uploads\/2021\/04\/101-1.jpg)\" data-image-id=\"id^269|url^http:\/\/www.qss.hr\/wp-content\/uploads\/2021\/04\/101-1.jpg|caption^null|alt^null|title^101.jpg|description^null\" data-ultimate-bg-style=\"vcpb-default\" data-bg-img-repeat=\"repeat\" data-bg-img-size=\"cover\" data-bg-img-position=\"\" data-parallx_sense=\"30\" data-bg-override=\"ex-full\" data-bg_img_attach=\"scroll\" data-upb-overlay-color=\"\" data-upb-bg-animation=\"\" data-fadeout=\"\" data-bg-animation=\"left-animation\" data-bg-animation-type=\"h\" data-animation-repeat=\"repeat\" data-fadeout-percentage=\"30\" data-parallax-content=\"\" data-parallax-content-sense=\"30\" data-row-effect-mobile-disable=\"true\" data-img-parallax-mobile-disable=\"true\" data-rtl=\"false\"  data-custom-vc-row=\"\"  data-vc=\"6.8.0\"  data-is_old_vc=\"\"  data-theme-support=\"\"   data-overlay=\"false\" data-overlay-color=\"\" data-overlay-pattern=\"\" data-overlay-pattern-opacity=\"\" data-overlay-pattern-size=\"\"    ><\/div>\n","protected":false},"excerpt":{"rendered":"O NAMA Queer Sport Split (QSS) nastala je kao neformalna inicijativa 2005, a od 2011. slu\u017ebeno je registrirana kao udruga. Na svojim po\u010decima .kroz sport, rekreaciju i dru\u0161tvene aktivnosti djeluje na osna\u017eivanju lokalne LGBTIQ zajednice te zagovaranju LGBTIQ prava. Tijekom posljednjih nekoliko godina organizacija se pozicionirala kao jedina udruga na podru\u010dju grada Splita s ciljem [...]","protected":false},"author":1,"featured_media":0,"parent":0,"menu_order":5,"comment_status":"closed","ping_status":"closed","template":"page.php","meta":{"footnotes":""},"class_list":["post-1234","page","type-page","status-publish","hentry"],"_links":{"self":[{"href":"https:\/\/www.qss.hr\/hr\/wp-json\/wp\/v2\/pages\/1234","targetHints":{"allow":["GET"]}}],"collection":[{"href":"https:\/\/www.qss.hr\/hr\/wp-json\/wp\/v2\/pages"}],"about":[{"href":"https:\/\/www.qss.hr\/hr\/wp-json\/wp\/v2\/types\/page"}],"author":[{"embeddable":true,"href":"https:\/\/www.qss.hr\/hr\/wp-json\/wp\/v2\/users\/1"}],"replies":[{"embeddable":true,"href":"https:\/\/www.qss.hr\/hr\/wp-json\/wp\/v2\/comments?post=1234"}],"version-history":[{"count":19,"href":"https:\/\/www.qss.hr\/hr\/wp-json\/wp\/v2\/pages\/1234\/revisions"}],"predecessor-version":[{"id":1468,"href":"https:\/\/www.qss.hr\/hr\/wp-json\/wp\/v2\/pages\/1234\/revisions\/1468"}],"wp:attachment":[{"href":"https:\/\/www.qss.hr\/hr\/wp-json\/wp\/v2\/media?parent=1234"}],"curies":[{"name":"wp","href":"https:\/\/api.w.org\/{rel}","templated":true}]}}