{"id":1583,"date":"2023-10-02T22:45:04","date_gmt":"2023-10-02T20:45:04","guid":{"rendered":"https:\/\/www.qss.hr\/?page_id=1583"},"modified":"2023-11-30T07:54:14","modified_gmt":"2023-11-30T06:54:14","slug":"yamha-erasmus-slovencina","status":"publish","type":"page","link":"https:\/\/www.qss.hr\/en\/yamha-erasmus-slovencina\/","title":{"rendered":"YAMHA Erasmus+ Sloven\u010dina"},"content":{"rendered":"<div class=\"vc_row wpb_row vc_row-fluid vc_custom_1660841760659 vc_row-has-fill vc_row-o-content-middle vc_row-flex\"><div class=\"wpb_column vc_column_container vc_col-sm-6\"><div class=\"vc_column-inner\"><div class=\"wpb_wrapper\">\n\t<div  class=\"wpb_single_image wpb_content_element vc_align_left\">\n\t\t\n\t\t<figure class=\"wpb_wrapper vc_figure\">\n\t\t\t<div class=\"vc_single_image-wrapper   vc_box_border_grey\"><img loading=\"lazy\" decoding=\"async\" width=\"3508\" height=\"2481\" src=\"https:\/\/www.qss.hr\/wp-content\/uploads\/2022\/08\/YAMHA_Logo-02.png\" class=\"vc_single_image-img attachment-full\" alt=\"\" title=\"YAMHA_Logo-02\" srcset=\"https:\/\/www.qss.hr\/wp-content\/uploads\/2022\/08\/YAMHA_Logo-02.png 3508w, https:\/\/www.qss.hr\/wp-content\/uploads\/2022\/08\/YAMHA_Logo-02-300x212.png 300w, https:\/\/www.qss.hr\/wp-content\/uploads\/2022\/08\/YAMHA_Logo-02-1024x724.png 1024w, https:\/\/www.qss.hr\/wp-content\/uploads\/2022\/08\/YAMHA_Logo-02-768x543.png 768w, https:\/\/www.qss.hr\/wp-content\/uploads\/2022\/08\/YAMHA_Logo-02-1536x1086.png 1536w, https:\/\/www.qss.hr\/wp-content\/uploads\/2022\/08\/YAMHA_Logo-02-2048x1448.png 2048w, https:\/\/www.qss.hr\/wp-content\/uploads\/2022\/08\/YAMHA_Logo-02-18x12.png 18w\" sizes=\"auto, (max-width: 3508px) 100vw, 3508px\" \/><\/div>\n\t\t<\/figure>\n\t<\/div>\n<\/div><\/div><\/div><div class=\"wpb_column vc_column_container vc_col-sm-6\"><div class=\"vc_column-inner\"><div class=\"wpb_wrapper\"><div class=\"vc_row wpb_row vc_inner vc_row-fluid mobile-text-left\"><div class=\"wpb_column vc_column_container vc_col-sm-2\"><div class=\"vc_column-inner\"><div class=\"wpb_wrapper\"><\/div><\/div><\/div><div class=\"wpb_column vc_column_container vc_col-sm-8\"><div class=\"vc_column-inner\"><div class=\"wpb_wrapper\"><div class=\"ult-spacer spacer-69ede0474223e\" data-id=\"69ede0474223e\" data-height=\"130\" data-height-mobile=\"10\" data-height-tab=\"20\" data-height-tab-portrait=\"20\" data-height-mobile-landscape=\"10\" style=\"clear:both;display:block;\"><\/div><div id=\"ultimate-heading-15469ede04742291\" class=\"uvc-heading ult-adjust-bottom-margin ultimate-heading-15469ede04742291 uvc-1\" data-hspacer=\"no_spacer\"  data-halign=\"left\" style=\"text-align:left\"><div class=\"uvc-heading-spacer no_spacer\" style=\"top\"><\/div><div class=\"uvc-sub-heading ult-responsive\"  data-ultimate-target='.uvc-heading.ultimate-heading-15469ede04742291 .uvc-sub-heading '  data-responsive-json-new='{\"font-size\":\"desktop:44px;tablet:34px;tablet_portrait:28px;\",\"line-height\":\"desktop:45px;tablet:30px;tablet_portrait:30px;\"}'  style=\"font-family:&#039;Raleway&#039;;font-weight:900;color:#212121;\">YAMHA Erasmus+<\/div><\/div><div class=\"ult-spacer spacer-69ede047422d6\" data-id=\"69ede047422d6\" data-height=\"40\" data-height-mobile=\"20\" data-height-tab=\"\" data-height-tab-portrait=\"10\" data-height-mobile-landscape=\"20\" style=\"clear:both;display:block;\"><\/div><div id=\"ultimate-heading-102869ede047422f2\" class=\"uvc-heading ult-adjust-bottom-margin ultimate-heading-102869ede047422f2 uvc-8428\" data-hspacer=\"no_spacer\"  data-halign=\"left\" style=\"text-align:left\"><div class=\"uvc-heading-spacer no_spacer\" style=\"top\"><\/div><div class=\"uvc-sub-heading ult-responsive\"  data-ultimate-target='.uvc-heading.ultimate-heading-102869ede047422f2 .uvc-sub-heading '  data-responsive-json-new='{\"font-size\":\"tablet_portrait:12px;mobile_landscape:11px;mobile:11px;\",\"line-height\":\"desktop:28px;tablet_portrait:18px;mobile_landscape:15px;mobile:15px;\"}'  style=\"font-weight:normal;\">Afirmat\u00edvne pr\u00edstupy k du\u0161evn\u00e9mu zdraviu LGBTIQ ml\u00e1de\u017ee&#8221; je projekt v r\u00e1mci K\u013e\u00fa\u010dovej akcie 2, ktor\u00e9ho cie\u013eom je posilni\u0165 kapacity partnersk\u00fdch organiz\u00e1ci\u00ed (Slovensko, Holandsko, \u00cdrsko, Gr\u00e9cko a Chorv\u00e1tsko) v tejto oblasti a vytvori\u0165 sie\u0165 organiz\u00e1ci\u00ed v E\u00da, ktor\u00e9 sa venuj\u00fa tejto problematike. Z\u00e1merom projektu je zv\u00fd\u0161i\u0165 kvalifik\u00e1ciu pracovn\u00edkov s ml\u00e1de\u017eou a odborn\u00edkov v oblasti du\u0161evn\u00e9ho zdravia a zdie\u013ea\u0165 osved\u010den\u00e9 postupy prostredn\u00edctvom rozvoja inovat\u00edvnych v\u00fdsledkov projektu zalo\u017een\u00fdch na koncepcii afirmat\u00edvneho alebo inkluz\u00edvneho du\u0161evn\u00e9ho zdravia ako n\u00e1stroja pre pr\u00e1cu s du\u0161evn\u00fdm zdrav\u00edm LGBTIQ ml\u00e1de\u017ee v Eur\u00f3pe.<\/p>\n<p>Konkr\u00e9tne lesbick\u00e1, homosexu\u00e1lna, bisexu\u00e1lna, transrodov\u00e1 a in\u00e1 queer (LGBTQ) ml\u00e1de\u017e m\u00e1 vy\u0161\u0161iu mieru probl\u00e9mov s du\u0161evn\u00fdm zdrav\u00edm ako \u013eudia vo v\u0161eobecnej popul\u00e1cii. D\u00f4vodom m\u00f4\u017ee by\u0165 vyl\u00fa\u010denie, nedostatok podpory, diskrimin\u00e1cia, trauma, zneu\u017e\u00edvanie at\u010f. ktor\u00e9 m\u00f4\u017eu potenci\u00e1lne vies\u0165 k zl\u00e9mu du\u0161evn\u00e9mu zdraviu, samovra\u017ed\u00e1m, u\u017e\u00edvaniu n\u00e1vykov\u00fdch l\u00e1tok, protispolo\u010densk\u00e9mu spr\u00e1vaniu, rizikov\u00fdm sexu\u00e1lnym stretnutiam, depresii, stresu, \u00fazkosti at\u010f.<\/div><\/div><div class=\"ult-spacer spacer-69ede0474230f\" data-id=\"69ede0474230f\" data-height=\"40\" data-height-mobile=\"20\" data-height-tab=\"\" data-height-tab-portrait=\"10\" data-height-mobile-landscape=\"20\" style=\"clear:both;display:block;\"><\/div><\/div><\/div><\/div><div class=\"wpb_column vc_column_container vc_col-sm-2\"><div class=\"vc_column-inner\"><div class=\"wpb_wrapper\"><\/div><\/div><\/div><\/div><\/div><\/div><\/div><\/div><div class=\"vc_row wpb_row vc_row-fluid vc_row-o-content-middle vc_row-flex\"><div class=\"wpb_column vc_column_container vc_col-sm-6\"><div class=\"vc_column-inner\"><div class=\"wpb_wrapper\"><div class=\"vc_row wpb_row vc_inner vc_row-fluid mobile-text-left\"><div class=\"wpb_column vc_column_container vc_col-sm-2\"><div class=\"vc_column-inner\"><div class=\"wpb_wrapper\"><\/div><\/div><\/div><div class=\"wpb_column vc_column_container vc_col-sm-8\"><div class=\"vc_column-inner\"><div class=\"wpb_wrapper\"><div class=\"ult-spacer spacer-69ede047429a5\" data-id=\"69ede047429a5\" data-height=\"130\" data-height-mobile=\"10\" data-height-tab=\"20\" data-height-tab-portrait=\"20\" data-height-mobile-landscape=\"10\" style=\"clear:both;display:block;\"><\/div><div id=\"ultimate-heading-965069ede047429cf\" class=\"uvc-heading ult-adjust-bottom-margin ultimate-heading-965069ede047429cf uvc-9086\" data-hspacer=\"no_spacer\"  data-halign=\"left\" style=\"text-align:left\"><div class=\"uvc-heading-spacer no_spacer\" style=\"top\"><\/div><div class=\"uvc-sub-heading ult-responsive\"  data-ultimate-target='.uvc-heading.ultimate-heading-965069ede047429cf .uvc-sub-heading '  data-responsive-json-new='{\"font-size\":\"desktop:44px;tablet:34px;tablet_portrait:28px;\",\"line-height\":\"desktop:45px;tablet:30px;tablet_portrait:30px;\"}'  style=\"font-family:&#039;Raleway&#039;;font-weight:900;color:#212121;\">Sie\u0165 podpory E\u00da<\/div><\/div><div class=\"ult-spacer spacer-69ede04742a0f\" data-id=\"69ede04742a0f\" data-height=\"40\" data-height-mobile=\"20\" data-height-tab=\"\" data-height-tab-portrait=\"10\" data-height-mobile-landscape=\"20\" style=\"clear:both;display:block;\"><\/div><div id=\"ultimate-heading-287969ede04742a29\" class=\"uvc-heading ult-adjust-bottom-margin ultimate-heading-287969ede04742a29 uvc-7048\" data-hspacer=\"no_spacer\"  data-halign=\"right\" style=\"text-align:right\"><div class=\"uvc-heading-spacer no_spacer\" style=\"top\"><\/div><div class=\"uvc-sub-heading ult-responsive\"  data-ultimate-target='.uvc-heading.ultimate-heading-287969ede04742a29 .uvc-sub-heading '  data-responsive-json-new='{\"font-size\":\"tablet_portrait:12px;mobile_landscape:11px;mobile:11px;\",\"line-height\":\"desktop:28px;tablet_portrait:18px;mobile_landscape:15px;mobile:15px;\"}'  style=\"font-weight:normal;\">S cie\u013eom rie\u0161i\u0165 niektor\u00e9 z t\u00fdchto probl\u00e9mov a vytvori\u0165 podporn\u00fa sie\u0165, spolo\u010denstvo praxe a siete vz\u00e1jomnej podpory by tento projekt chcel presk\u00fama\u0165 pozit\u00edvne pr\u00edstupy k du\u0161evn\u00e9mu zdraviu pri pr\u00e1ci s du\u0161evn\u00fdm zdrav\u00edm LGBTIQ ml\u00e1de\u017ee, ktor\u00e9 by potenci\u00e1lne mohli vies\u0165 k op\u00e4tovn\u00e9mu z\u00edskaniu sily, seba\u00facty a sebaprijatia v tejto skupine. Projekt YAMHA by chcel presk\u00fama\u0165, \u010do existuje v kontexte E\u00da, ako by mohli r\u00f4zne organiz\u00e1cie v E\u00da spolupracova\u0165, spolo\u010dne r\u00e1s\u0165, u\u010di\u0165 sa jeden od druh\u00e9ho a samozrejme vytvori\u0165 zdroje, ktor\u00e9 by v\u0161etky tieto postupy zachyt\u00e1vali na jednom mieste.<\/p>\n<p>Popri budovan\u00ed medzin\u00e1rodnej komunity organiz\u00e1ci\u00ed, ktor\u00e9 aplikuj\u00fa tak\u00e9to postupy a zdie\u013ean\u00ed poznatkov chceme zachyti\u0165 pr\u00edpadov\u00e9 \u0161t\u00fadie t\u00fdkaj\u00face sa pr\u00e1ce, ktor\u00fa partneri a \u010fal\u0161ie LGBTIQ organiz\u00e1cie doteraz realizovali. Projekt preto vytvor\u00ed prakticky pou\u017eite\u013en\u00e9 v\u00fdstupy: pr\u00edru\u010dka a s\u00e9ria vzdel\u00e1vac\u00edch vide\u00ed, ktor\u00e9 by sa \u0161\u00edrili v r\u00e1mci E\u00da a boli by k dispoz\u00edcii na pou\u017eitie pre organiz\u00e1cie, ktor\u00e9 sa zauj\u00edmaj\u00fa o tematiku du\u0161evn\u00e9ho zdravia LGBTIQ ml\u00e1de\u017ee.<\/div><\/div><div class=\"ult-spacer spacer-69ede04742a47\" data-id=\"69ede04742a47\" data-height=\"40\" data-height-mobile=\"20\" data-height-tab=\"\" data-height-tab-portrait=\"10\" data-height-mobile-landscape=\"20\" style=\"clear:both;display:block;\"><\/div><\/div><\/div><\/div><div class=\"wpb_column vc_column_container vc_col-sm-2\"><div class=\"vc_column-inner\"><div class=\"wpb_wrapper\"><\/div><\/div><\/div><\/div><\/div><\/div><\/div><div class=\"wpb_column vc_column_container vc_col-sm-6\"><div class=\"vc_column-inner\"><div class=\"wpb_wrapper\">\n\t<div  class=\"wpb_single_image wpb_content_element vc_align_left\">\n\t\t\n\t\t<figure class=\"wpb_wrapper vc_figure\">\n\t\t\t<a href=\"http:\/\/www.qss.hr\/wp-content\/uploads\/2023\/10\/Guidebook_YAMHA_Noto_SK.pdf\" target=\"_blank\" class=\"vc_single_image-wrapper   vc_box_border_grey\"><img loading=\"lazy\" decoding=\"async\" width=\"560\" height=\"794\" src=\"https:\/\/www.qss.hr\/wp-content\/uploads\/2023\/10\/Guidebook_YAMHA_Noto_SK.png\" class=\"vc_single_image-img attachment-full\" alt=\"\" title=\"Guidebook_YAMHA_Noto_SK\" srcset=\"https:\/\/www.qss.hr\/wp-content\/uploads\/2023\/10\/Guidebook_YAMHA_Noto_SK.png 560w, https:\/\/www.qss.hr\/wp-content\/uploads\/2023\/10\/Guidebook_YAMHA_Noto_SK-212x300.png 212w, https:\/\/www.qss.hr\/wp-content\/uploads\/2023\/10\/Guidebook_YAMHA_Noto_SK-8x12.png 8w\" sizes=\"auto, (max-width: 560px) 100vw, 560px\" \/><\/a>\n\t\t<\/figure>\n\t<\/div>\n<\/div><\/div><\/div><\/div><div class=\"vc_row wpb_row vc_row-fluid\"><div class=\"wpb_column vc_column_container vc_col-sm-12\"><div class=\"vc_column-inner\"><div class=\"wpb_wrapper\"><div class=\"ult-spacer spacer-69ede04743096\" data-id=\"69ede04743096\" data-height=\"40\" data-height-mobile=\"20\" data-height-tab=\"\" data-height-tab-portrait=\"10\" data-height-mobile-landscape=\"20\" style=\"clear:both;display:block;\"><\/div>\n\t<div class=\"wpb_text_column wpb_content_element\" >\n\t\t<div class=\"wpb_wrapper\">\n\t\t\t<p><strong>Queer pracovn\u00edctvo s ml\u00e1de\u017eou : Zdroje pre afirmat\u00edvne pr\u00edstupy pri pr\u00e1ci s <\/strong><strong>ment\u00e1lnym zdrav\u00edm u LGBTIQ+ ml\u00e1de\u017ee<\/strong> \u2013 <a href=\"http:\/\/www.qss.hr\/wp-content\/uploads\/2023\/10\/Guidebook_YAMHA_Noto_SK.pdf\" target=\"_blank\" rel=\"noopener\">stiahnu\u0165<\/a>.<\/p>\n\n\t\t<\/div>\n\t<\/div>\n<div class=\"ult-spacer spacer-69ede0474316a\" data-id=\"69ede0474316a\" data-height=\"40\" data-height-mobile=\"20\" data-height-tab=\"\" data-height-tab-portrait=\"10\" data-height-mobile-landscape=\"20\" style=\"clear:both;display:block;\"><\/div><\/div><\/div><\/div><\/div><div class=\"vc_row wpb_row vc_row-fluid vc_column-gap-10\"><div class=\"wpb_column vc_column_container vc_col-sm-12\"><div class=\"vc_column-inner\"><div class=\"wpb_wrapper\">\n\t<div class=\"wpb_video_widget wpb_content_element vc_clearfix   vc_video-aspect-ratio-169 vc_video-el-width-100 vc_video-align-left\" >\n\t\t<div class=\"wpb_wrapper\">\n\t\t\t\n\t\t\t<div class=\"wpb_video_wrapper\"><iframe loading=\"lazy\" title=\"YAMHA \/ Working remotely with queer youth \/ Adam Ol\u0161iak, psychologist &amp; youth worker\" width=\"500\" height=\"281\" src=\"https:\/\/www.youtube.com\/embed\/RiL18ctV6SU?list=PL6wU81qz9MtqODomp_6vrwGHWcn3UXWdJ\" frameborder=\"0\" allow=\"accelerometer; autoplay; clipboard-write; encrypted-media; gyroscope; picture-in-picture; web-share\" referrerpolicy=\"strict-origin-when-cross-origin\" allowfullscreen><\/iframe><\/div>\n\t\t<\/div>\n\t<\/div>\n<\/div><\/div><\/div><\/div><div class=\"vc_row wpb_row vc_row-fluid vc_column-gap-10\"><div class=\"wpb_column vc_column_container vc_col-sm-12\"><div class=\"vc_column-inner\"><div class=\"wpb_wrapper\">\n\t<div class=\"wpb_video_widget wpb_content_element vc_clearfix   vc_video-aspect-ratio-169 vc_video-el-width-100 vc_video-align-left\" >\n\t\t<div class=\"wpb_wrapper\">\n\t\t\t\n\t\t\t<div class=\"wpb_video_wrapper\"><iframe loading=\"lazy\" title=\"YAMHA \/ Welcoming and safer spaces for queer youth \/ Talbot, performance artist and youth worker\" width=\"500\" height=\"281\" src=\"https:\/\/www.youtube.com\/embed\/AhxeuRnj6gM?list=PL6wU81qz9MtqODomp_6vrwGHWcn3UXWdJ\" frameborder=\"0\" allow=\"accelerometer; autoplay; clipboard-write; encrypted-media; gyroscope; picture-in-picture; web-share\" referrerpolicy=\"strict-origin-when-cross-origin\" allowfullscreen><\/iframe><\/div>\n\t\t<\/div>\n\t<\/div>\n<\/div><\/div><\/div><\/div><div class=\"vc_row wpb_row vc_row-fluid vc_column-gap-10\"><div class=\"wpb_column vc_column_container vc_col-sm-12\"><div class=\"vc_column-inner\"><div class=\"wpb_wrapper\">\n\t<div class=\"wpb_video_widget wpb_content_element vc_clearfix   vc_video-aspect-ratio-169 vc_video-el-width-100 vc_video-align-left\" >\n\t\t<div class=\"wpb_wrapper\">\n\t\t\t\n\t\t\t<div class=\"wpb_video_wrapper\"><iframe loading=\"lazy\" title=\"YAMHA \/ Tango and the body movement \/ Dimitris Kokkonis, dance &amp; fitness instructor\" width=\"500\" height=\"281\" src=\"https:\/\/www.youtube.com\/embed\/1RzADMdM6ys?list=PL6wU81qz9MtqODomp_6vrwGHWcn3UXWdJ\" frameborder=\"0\" allow=\"accelerometer; autoplay; clipboard-write; encrypted-media; gyroscope; picture-in-picture; web-share\" referrerpolicy=\"strict-origin-when-cross-origin\" allowfullscreen><\/iframe><\/div>\n\t\t<\/div>\n\t<\/div>\n<\/div><\/div><\/div><\/div><div class=\"vc_row wpb_row vc_row-fluid vc_column-gap-10\"><div class=\"wpb_column vc_column_container vc_col-sm-12\"><div class=\"vc_column-inner\"><div class=\"wpb_wrapper\">\n\t<div class=\"wpb_video_widget wpb_content_element vc_clearfix   vc_video-aspect-ratio-169 vc_video-el-width-100 vc_video-align-left\" >\n\t\t<div class=\"wpb_wrapper\">\n\t\t\t\n\t\t\t<div class=\"wpb_video_wrapper\"><iframe loading=\"lazy\" title=\"YAMHA \/ Policy recommendations - equality, youth, mental... \/ Sarah Townsend, co-president EGLSF\" width=\"500\" height=\"281\" src=\"https:\/\/www.youtube.com\/embed\/3QUv9Sp-aUc?list=PL6wU81qz9MtqODomp_6vrwGHWcn3UXWdJ\" frameborder=\"0\" allow=\"accelerometer; autoplay; clipboard-write; encrypted-media; gyroscope; picture-in-picture; web-share\" referrerpolicy=\"strict-origin-when-cross-origin\" allowfullscreen><\/iframe><\/div>\n\t\t<\/div>\n\t<\/div>\n<\/div><\/div><\/div><\/div><div class=\"vc_row wpb_row vc_row-fluid vc_column-gap-10\"><div class=\"wpb_column vc_column_container vc_col-sm-12\"><div class=\"vc_column-inner\"><div class=\"wpb_wrapper\">\n\t<div class=\"wpb_video_widget wpb_content_element vc_clearfix   vc_video-aspect-ratio-169 vc_video-el-width-100 vc_video-align-left\" >\n\t\t<div class=\"wpb_wrapper\">\n\t\t\t\n\t\t\t<div class=\"wpb_video_wrapper\"><iframe loading=\"lazy\" title=\"YAMHA \/ LGBTIQ+ Youth Affirmative Approaches \/ Petar Duki\u0107, Integrative counselling therapist\" width=\"500\" height=\"281\" src=\"https:\/\/www.youtube.com\/embed\/-wv8akIJdCA?list=PL6wU81qz9MtqODomp_6vrwGHWcn3UXWdJ\" frameborder=\"0\" allow=\"accelerometer; autoplay; clipboard-write; encrypted-media; gyroscope; picture-in-picture; web-share\" referrerpolicy=\"strict-origin-when-cross-origin\" allowfullscreen><\/iframe><\/div>\n\t\t<\/div>\n\t<\/div>\n<\/div><\/div><\/div><\/div><div class=\"vc_row wpb_row vc_row-fluid vc_column-gap-10\"><div class=\"wpb_column vc_column_container vc_col-sm-12\"><div class=\"vc_column-inner\"><div class=\"wpb_wrapper\">\n\t<div class=\"wpb_video_widget wpb_content_element vc_clearfix   vc_video-aspect-ratio-169 vc_video-el-width-100 vc_video-align-left\" >\n\t\t<div class=\"wpb_wrapper\">\n\t\t\t\n\t\t\t<div class=\"wpb_video_wrapper\"><iframe loading=\"lazy\" title=\"YAMHA \/ Youth exchange Athens, Greece\" width=\"500\" height=\"281\" src=\"https:\/\/www.youtube.com\/embed\/F1LaXhTvV1o?list=PL6wU81qz9MtqODomp_6vrwGHWcn3UXWdJ\" frameborder=\"0\" allow=\"accelerometer; autoplay; clipboard-write; encrypted-media; gyroscope; picture-in-picture; web-share\" referrerpolicy=\"strict-origin-when-cross-origin\" allowfullscreen><\/iframe><\/div>\n\t\t<\/div>\n\t<\/div>\n<\/div><\/div><\/div><\/div>","protected":false},"excerpt":{"rendered":"YAMHA Erasmus+Afirmat\u00edvne pr\u00edstupy k du\u0161evn\u00e9mu zdraviu LGBTIQ ml\u00e1de\u017ee\" je projekt v r\u00e1mci K\u013e\u00fa\u010dovej akcie 2, ktor\u00e9ho cie\u013eom je posilni\u0165 kapacity partnersk\u00fdch organiz\u00e1ci\u00ed (Slovensko, Holandsko, \u00cdrsko, Gr\u00e9cko a Chorv\u00e1tsko) v tejto oblasti a vytvori\u0165 sie\u0165 organiz\u00e1ci\u00ed v E\u00da, ktor\u00e9 sa venuj\u00fa tejto problematike. Z\u00e1merom projektu je zv\u00fd\u0161i\u0165 kvalifik\u00e1ciu pracovn\u00edkov s ml\u00e1de\u017eou a odborn\u00edkov v oblasti du\u0161evn\u00e9ho [...]","protected":false},"author":1,"featured_media":0,"parent":0,"menu_order":3,"comment_status":"closed","ping_status":"closed","template":"page.php","meta":{"footnotes":""},"class_list":["post-1583","page","type-page","status-publish","hentry"],"_links":{"self":[{"href":"https:\/\/www.qss.hr\/en\/wp-json\/wp\/v2\/pages\/1583","targetHints":{"allow":["GET"]}}],"collection":[{"href":"https:\/\/www.qss.hr\/en\/wp-json\/wp\/v2\/pages"}],"about":[{"href":"https:\/\/www.qss.hr\/en\/wp-json\/wp\/v2\/types\/page"}],"author":[{"embeddable":true,"href":"https:\/\/www.qss.hr\/en\/wp-json\/wp\/v2\/users\/1"}],"replies":[{"embeddable":true,"href":"https:\/\/www.qss.hr\/en\/wp-json\/wp\/v2\/comments?post=1583"}],"version-history":[{"count":8,"href":"https:\/\/www.qss.hr\/en\/wp-json\/wp\/v2\/pages\/1583\/revisions"}],"predecessor-version":[{"id":1644,"href":"https:\/\/www.qss.hr\/en\/wp-json\/wp\/v2\/pages\/1583\/revisions\/1644"}],"wp:attachment":[{"href":"https:\/\/www.qss.hr\/en\/wp-json\/wp\/v2\/media?parent=1583"}],"curies":[{"name":"wp","href":"https:\/\/api.w.org\/{rel}","templated":true}]}}