{"id":1306,"date":"2022-04-03T20:53:47","date_gmt":"2022-04-03T18:53:47","guid":{"rendered":"https:\/\/www.qss.hr\/?page_id=1306"},"modified":"2023-10-09T11:58:20","modified_gmt":"2023-10-09T09:58:20","slug":"psihosocijalna-podrska","status":"publish","type":"page","link":"https:\/\/www.qss.hr\/en\/psihosocijalna-podrska\/","title":{"rendered":"Psychosocial Support"},"content":{"rendered":"<div class=\"vc_row wpb_row vc_row-fluid vc_custom_1649010593163 vc_column-gap-30\"><div class=\"wpb_column vc_column_container vc_col-sm-6\"><div class=\"vc_column-inner vc_custom_1476030875969\"><div class=\"wpb_wrapper\">\n\t<div class=\"wpb_text_column wpb_content_element\" >\n\t\t<div class=\"wpb_wrapper\">\n\t\t\t<h5>Psychosocial Support<\/h5>\n<p><span style=\"font-weight: 400;\">Queer Sport Split is a space of acceptance, support and development focusing on the local LGBTIQ community. Therefore, <\/span><span style=\"font-weight: 400;\">in our organisation we offer free of charge psycho-social support, psychological interventions, emotional and peer support, hate crime and discrimination victim counseling and support. \nIn a safe environment and with professionals, our community members are offered to receive all the necessary support to resolve or cope with various life situations, problems and challenges that one faces as LGBTIQ +.<\/span><\/p>\n<p><span style=\"font-weight: 400;\">We care about your confidentiality, respecting all the diverse needs of our community members, same as valuing protection of your identity.<\/span><\/p>\n\n\t\t<\/div>\n\t<\/div>\n<div class=\"vc_btn3-container vc_btn3-center vc_custom_1649016513107\" ><a onmouseleave=\"this.style.borderColor='#0a0a0a'; this.style.backgroundColor='transparent'; this.style.color='#0a0a0a'\" onmouseenter=\"this.style.borderColor='#ffffff'; this.style.backgroundColor='#ffffff'; this.style.color='#0a0a0a';\" style=\"border-color:#0a0a0a; color:#0a0a0a;\" class=\"vc_general vc_btn3 vc_btn3-size-md vc_btn3-shape-round vc_btn3-style-outline-custom\" href=\"https:\/\/www.qss.hr\/en\/kontakt\/\" title=\"Contact\">Psychosocial Support<\/a><\/div><\/div><\/div><\/div><div class=\"wpb_column vc_column_container vc_col-sm-6\"><div class=\"vc_column-inner vc_custom_1476030881601\"><div class=\"wpb_wrapper\"><div class=\"ult-spacer spacer-69eddc3117f4c\" data-id=\"69eddc3117f4c\" data-height=\"0\" data-height-mobile=\"40\" data-height-tab=\"\" data-height-tab-portrait=\"\" data-height-mobile-landscape=\"40\" style=\"clear:both;display:block;\"><\/div>\n\t<div class=\"wpb_text_column wpb_content_element\" >\n\t\t<div class=\"wpb_wrapper\">\n\t\t\t<p><strong>Some of the problems that our Counselling Centre could support you with are:<\/strong><\/p>\n<ul>\n<li><em><span style=\"font-weight: 400;\">support in the coming-out process<\/span><\/em><\/li>\n<li><em><span style=\"font-weight: 400;\">relationship\u2019s problems<\/span><\/em><\/li>\n<li><em><span style=\"font-weight: 400;\">depression<\/span><\/em><\/li>\n<li><em><span style=\"font-weight: 400;\">anxiety<\/span><\/em><\/li>\n<li><em><span style=\"font-weight: 400;\">effective problem or conflict resolution<\/span><\/em><\/li>\n<li><em><span style=\"font-weight: 400;\">support related to one's gender and gender identity<\/span><\/em><\/li>\n<li><em><span style=\"font-weight: 400;\">supporting parents of LGBTIQ + people in the form of acceptance and understanding of gender identity and sexual orientation<\/span><\/em><\/li>\n<li><em><span style=\"font-weight: 400;\">working with traumatic experiences related to psychological, physical or sexual violence in childhood and adulthood or any traumatic experiences<\/span><\/em><\/li>\n<li><em><span style=\"font-weight: 400;\">working on self-confidence<\/span><\/em><\/li>\n<li><em><span style=\"font-weight: 400;\">problems related to impulsive or aggressive behaviours<\/span><\/em><\/li>\n<li><em><span style=\"font-weight: 400;\">addiction problems<\/span><\/em><\/li>\n<\/ul>\n\n\t\t<\/div>\n\t<\/div>\n<\/div><\/div><\/div><\/div><div class=\"vc_row wpb_row vc_row-fluid vc_custom_1476033850417\"><div class=\"wpb_column vc_column_container vc_col-sm-12\"><div class=\"vc_column-inner\"><div class=\"wpb_wrapper\"><h2 style=\"text-align: center\" class=\"vc_custom_heading\" >OUR TEAM<\/h2><p style=\"font-size: 19px;color: #afafaf;text-align: center\" class=\"vc_custom_heading\" ><\/p><div class=\"vc_empty_space\"   style=\"height: 40px\"><span class=\"vc_empty_space_inner\"><\/span><\/div><div class=\"ult-ih-container ult-adjust-bottom-margin\" >\t<ul class=\"ult-ih-list\"  data-shape=\"square\"  data-width=\"200\"  data-height=\"200\"  style=\"text-align:center; \"><li id=\"ult-ih-list-item-9363\" class=\"ult-ih-list-item\" style=\"height: 200px; width: 200px;  margin: 15px\"><div style=\"height: 200px; width: 200px; \" class=\"ult-ih-item ult-ih-effect19\"><div class=\"ult-ih-image-block\" style=\"height: 200px; width: 200px; \">\t<div class=\"ult-ih-wrapper\" style=\"border-style: solid; border-color: rgba(255,255,255,0.2); border-width: 10px;\"><\/div>\t<img decoding=\"async\" class=\"ult-ih-image\" src=\"https:\/\/www.qss.hr\/wp-content\/uploads\/2022\/04\/petar10.jpg\" alt=\"null\"><\/div><div class=\"ult-ih-info\" style=\"background-color: __USE_THEME_MAIN_COLOR__; \">\t<div class=\"ult-ih-info-back\">\t<div class=\"ult-ih-content\">\t\t\t<div class=\"ult-ih-heading-block\" style=\"\">\t\t\t\t<h3 class=\"ult-ih-heading ult-responsive\" style=\"color:#ffffff;\"  data-ultimate-target='#ult-ih-list-item-9363 .ult-ih-heading'  data-responsive-json-new='{\"font-size\":\"desktop:22px;\",\"line-height\":\"desktop:28px;\"}' >PETAR DUKI\u0106<\/h3>\t\t\t<\/div>\t\t\t<div class=\"ult-ih-divider-block\" style=\"height:1px;\">\t\t\t\t<span class=\"ult-ih-line\" style=\"border-style:solid;border-color:rgba(255,255,255,0.75);width:100px;border-width:1px;\"><\/span>\t\t\t<\/div>\t\t\t<div class=\"ult-ih-description-block\" style=\"\">\t\t\t\t<div class=\"ult-ih-description ult-responsive\" style=\"color:#ffffff;\"  data-ultimate-target='#ult-ih-list-item-9363 .ult-ih-description, #ult-ih-list-item-9363 .ult-ih-description p'  data-responsive-json-new='{\"font-size\":\"desktop:12px;\",\"line-height\":\"desktop:18px;\"}' ><p>Counselling therapist<\/p>\n\t\t\t\t<\/div>\t\t\t<\/div>\t<\/div>\t<\/div><\/div><\/div><\/li><li id=\"ult-ih-list-item-1588\" class=\"ult-ih-list-item\" style=\"height: 200px; width: 200px;  margin: 15px\"><div style=\"height: 200px; width: 200px; \" class=\"ult-ih-item ult-ih-effect19\"><div class=\"ult-ih-image-block\" style=\"height: 200px; width: 200px; \">\t<div class=\"ult-ih-wrapper\" style=\"border-style: solid; border-color: rgba(255,255,255,0.2); border-width: 10px;\"><\/div>\t<img decoding=\"async\" class=\"ult-ih-image\" src=\"https:\/\/www.qss.hr\/wp-content\/uploads\/2022\/04\/tena300.jpg\" alt=\"null\"><\/div><div class=\"ult-ih-info\" style=\"background-color: __USE_THEME_MAIN_COLOR__; \">\t<div class=\"ult-ih-info-back\">\t<div class=\"ult-ih-content\">\t\t\t<div class=\"ult-ih-heading-block\" style=\"\">\t\t\t\t<h3 class=\"ult-ih-heading ult-responsive\" style=\"color:#ffffff;\"  data-ultimate-target='#ult-ih-list-item-1588 .ult-ih-heading'  data-responsive-json-new='{\"font-size\":\"desktop:22px;\",\"line-height\":\"desktop:28px;\"}' >TENA ROMANI<\/h3>\t\t\t<\/div>\t\t\t<div class=\"ult-ih-divider-block\" style=\"height:1px;\">\t\t\t\t<span class=\"ult-ih-line\" style=\"border-style:solid;border-color:rgba(255,255,255,0.75);width:100px;border-width:1px;\"><\/span>\t\t\t<\/div>\t\t\t<div class=\"ult-ih-description-block\" style=\"\">\t\t\t\t<div class=\"ult-ih-description ult-responsive\" style=\"color:#ffffff;\"  data-ultimate-target='#ult-ih-list-item-1588 .ult-ih-description, #ult-ih-list-item-1588 .ult-ih-description p'  data-responsive-json-new='{\"font-size\":\"desktop:12px;\",\"line-height\":\"desktop:18px;\"}' ><p>Psychologist<\/p>\n\t\t\t\t<\/div>\t\t\t<\/div>\t<\/div>\t<\/div><\/div><\/div><\/li>\t<\/ul><\/div><\/div><\/div><\/div><\/div><!-- Row Backgrounds --><div class=\"upb_grad\" data-grad=\"background: -webkit-gradient(linear, left top, left bottom, color-stop(0%, #F0F0F0), color-stop(100%, #FFFFFF));background: -moz-linear-gradient(top,#F0F0F0 0%,#FFFFFF 100%);background: -webkit-linear-gradient(top,#F0F0F0 0%,#FFFFFF 100%);background: -o-linear-gradient(top,#F0F0F0 0%,#FFFFFF 100%);background: -ms-linear-gradient(top,#F0F0F0 0%,#FFFFFF 100%);background: linear-gradient(top,#F0F0F0 0%,#FFFFFF 100%);\" data-bg-override=\"ex-full\" data-upb-overlay-color=\"\" data-upb-bg-animation=\"\" data-fadeout=\"\" data-fadeout-percentage=\"30\" data-parallax-content=\"\" data-parallax-content-sense=\"30\" data-row-effect-mobile-disable=\"true\" data-img-parallax-mobile-disable=\"true\" data-rtl=\"false\"  data-custom-vc-row=\"\"  data-vc=\"6.8.0\"  data-is_old_vc=\"\"  data-theme-support=\"\"   data-overlay=\"false\" data-overlay-color=\"\" data-overlay-pattern=\"\" data-overlay-pattern-opacity=\"\" data-overlay-pattern-size=\"\"    ><\/div><div class=\"vc_row wpb_row vc_row-fluid vc_custom_1620409693724\"><div class=\"wpb_column vc_column_container vc_col-sm-12\"><div class=\"vc_column-inner\"><div class=\"wpb_wrapper\"><h3 style=\"font-size: 35px;color: #ffffff;text-align: center\" class=\"vc_custom_heading\" >QUEER SPORT SPLIT<\/h3><div class=\"vc_empty_space\"   style=\"height: 80px\"><span class=\"vc_empty_space_inner\"><\/span><\/div><div id=\"ult-carousel-333557154669eddc311a496\" class=\"ult-carousel-wrapper   ult_horizontal\" data-gutter=\"30\" data-rtl=\"false\" ><div class=\"ult-carousel-274284003469eddc311a466\" ><div class=\"aio-icon-component    style_1\"><div id=\"Info-box-wrap-4591\" class=\"aio-icon-box top-icon\" style=\"\"  ><div class=\"aio-icon-top\"><div class=\"ult-just-icon-wrapper\"><div class=\"align-icon\" style=\"text-align:center;\">\n<div class=\"aio-icon none\"  style=\"color:#f2f2f2;font-size:40px;display:inline-block;\">\n\t<i class=\"linearicons-podium\"><\/i>\n<\/div><\/div><\/div><\/div><div class=\"aio-icon-header\" ><h3 class=\"aio-icon-title ult-responsive\"  data-ultimate-target='#Info-box-wrap-4591 .aio-icon-title'  data-responsive-json-new='{\"font-size\":\"desktop:13px;\",\"line-height\":\"\"}'  style=\"font-family:&#039;Open Sans&#039;;font-weight:600;color:__USE_THEME_MAIN_COLOR__;\">LGBTIQ* PEOPLE PARENTS SUPPORT<\/h3><\/div> <!-- header --><div class=\"aio-icon-description ult-responsive\"  data-ultimate-target='#Info-box-wrap-4591 .aio-icon-description'  data-responsive-json-new='{\"font-size\":\"\",\"line-height\":\"\"}'  style=\"color:#999999;\"><span style=\"font-weight: 400;\">Support through understanding and accepting gender identity or expression and sexual orientation in one's own children.<\/span><\/div> <!-- description --><\/div> <!-- aio-icon-box --><\/div> <!-- aio-icon-component --><div class=\"aio-icon-component    style_1\"><div id=\"Info-box-wrap-2556\" class=\"aio-icon-box top-icon\" style=\"\"  ><div class=\"aio-icon-top\"><div class=\"ult-just-icon-wrapper\"><div class=\"align-icon\" style=\"text-align:center;\">\n<div class=\"aio-icon none\"  style=\"color:#f2f2f2;font-size:40px;display:inline-block;\">\n\t<i class=\"linearicons-archive2\"><\/i>\n<\/div><\/div><\/div><\/div><div class=\"aio-icon-header\" ><h3 class=\"aio-icon-title ult-responsive\"  data-ultimate-target='#Info-box-wrap-2556 .aio-icon-title'  data-responsive-json-new='{\"font-size\":\"desktop:13px;\",\"line-height\":\"\"}'  style=\"font-family:&#039;Open Sans&#039;;font-weight:600;color:__USE_THEME_MAIN_COLOR__;\">TRAUMA RELATED SUPPORT<\/h3><\/div> <!-- header --><div class=\"aio-icon-description ult-responsive\"  data-ultimate-target='#Info-box-wrap-2556 .aio-icon-description'  data-responsive-json-new='{\"font-size\":\"\",\"line-height\":\"\"}'  style=\"color:#999999;\"><span style=\"font-weight: 400;\">Working with traumatic experiences related to violent incidents in childhood or adulthood.<\/span><\/div> <!-- description --><\/div> <!-- aio-icon-box --><\/div> <!-- aio-icon-component --><div class=\"aio-icon-component    style_1\"><div id=\"Info-box-wrap-4793\" class=\"aio-icon-box top-icon\" style=\"\"  ><div class=\"aio-icon-top\"><div class=\"ult-just-icon-wrapper\"><div class=\"align-icon\" style=\"text-align:center;\">\n<div class=\"aio-icon none\"  style=\"color:#f2f2f2;font-size:40px;display:inline-block;\">\n\t<i class=\"linearicons-palette\"><\/i>\n<\/div><\/div><\/div><\/div><div class=\"aio-icon-header\" ><h3 class=\"aio-icon-title ult-responsive\"  data-ultimate-target='#Info-box-wrap-4793 .aio-icon-title'  data-responsive-json-new='{\"font-size\":\"desktop:14px;\",\"line-height\":\"\"}'  style=\"font-family:&#039;Open Sans&#039;;font-weight:600;color:__USE_THEME_MAIN_COLOR__;\">PSYCHOSOCIAL SUPPORT<\/h3><\/div> <!-- header --><div class=\"aio-icon-description ult-responsive\"  data-ultimate-target='#Info-box-wrap-4793 .aio-icon-description'  data-responsive-json-new='{\"font-size\":\"\",\"line-height\":\"\"}'  style=\"color:#999999;\"><span style=\"font-weight: 400;\">We offer free of charge psychosocial support to all community members. We care about your confidentiality, respecting all the diverse needs of our community members, same as valuing protection of your identity.\u00a0<\/span><\/div> <!-- description --><\/div> <!-- aio-icon-box --><\/div> <!-- aio-icon-component --><\/div><\/div>\t\t\t<script type=\"text\/javascript\">\n\t\t\t\tjQuery(document).ready(function ($) {\n\t\t\t\t\tif( typeof jQuery('.ult-carousel-274284003469eddc311a466').slick == \"function\"){\n\t\t\t\t\t\t$('.ult-carousel-274284003469eddc311a466').slick({dots: false,autoplaySpeed: 5000,speed: 300,infinite: true,arrows: true,nextArrow: '<button type=\"button\" role=\"button\" aria-label=\"Next\" style=\"color:__USE_THEME_MAIN_COLOR__; font-size:20px;\" class=\"slick-next default\"><i class=\"ultsl-arrow-right4\"><\/i><\/button>',prevArrow: '<button type=\"button\" role=\"button\" aria-label=\"Previous\" style=\"color:__USE_THEME_MAIN_COLOR__; font-size:20px;\" class=\"slick-prev default\"><i class=\"ultsl-arrow-left4\"><\/i><\/button>',slidesToScroll:1,slidesToShow:3,swipe: true,draggable: true,touchMove: true,pauseOnHover: true,pauseOnFocus: false,responsive: [\n\t\t\t\t\t\t\t{\n\t\t\t\t\t\t\t  breakpoint: 1026,\n\t\t\t\t\t\t\t  settings: {\n\t\t\t\t\t\t\t\tslidesToShow: 3,\n\t\t\t\t\t\t\t\tslidesToScroll: 1,  \n\t\t\t\t\t\t\t  }\n\t\t\t\t\t\t\t},\n\t\t\t\t\t\t\t{\n\t\t\t\t\t\t\t  breakpoint: 1025,\n\t\t\t\t\t\t\t  settings: {\n\t\t\t\t\t\t\t\tslidesToShow: 2,\n\t\t\t\t\t\t\t\tslidesToScroll: 1\n\t\t\t\t\t\t\t  }\n\t\t\t\t\t\t\t},\n\t\t\t\t\t\t\t{\n\t\t\t\t\t\t\t  breakpoint: 760,\n\t\t\t\t\t\t\t  settings: {\n\t\t\t\t\t\t\t\tslidesToShow: 1,\n\t\t\t\t\t\t\t\tslidesToScroll: 1\n\t\t\t\t\t\t\t  }\n\t\t\t\t\t\t\t}\n\t\t\t\t\t\t],pauseOnDotsHover: true,customPaging: function(slider, i) {\n                   return '<i type=\"button\" style= \"color:#333333;\" class=\"ultsl-record\" data-role=\"none\"><\/i>';\n                },});\n\t\t\t\t\t}\n\t\t\t\t});\n\t\t\t<\/script>\n\t\t\t<\/div><\/div><\/div><\/div><!-- Row Backgrounds --><div class=\"upb_bg_img\" data-ultimate-bg=\"url(https:\/\/www.qss.hr\/wp-content\/uploads\/2021\/05\/aboutsection-1.jpeg)\" data-image-id=\"id^375|url^http:\/\/www.qss.hr\/wp-content\/uploads\/2021\/05\/aboutsection-1.jpeg|caption^null|alt^null|title^aboutsection|description^null\" data-ultimate-bg-style=\"vcpb-vz-jquery\" data-bg-img-repeat=\"repeat\" data-bg-img-size=\"cover\" data-bg-img-position=\"\" data-parallx_sense=\"30\" data-bg-override=\"ex-full\" data-bg_img_attach=\"scroll\" data-upb-overlay-color=\"rgba(0,0,0,0.75)\" data-upb-bg-animation=\"\" data-fadeout=\"\" data-bg-animation=\"left-animation\" data-bg-animation-type=\"h\" data-animation-repeat=\"repeat\" data-fadeout-percentage=\"30\" data-parallax-content=\"\" data-parallax-content-sense=\"30\" data-row-effect-mobile-disable=\"true\" data-img-parallax-mobile-disable=\"true\" data-rtl=\"false\"  data-custom-vc-row=\"\"  data-vc=\"6.8.0\"  data-is_old_vc=\"\"  data-theme-support=\"\"   data-overlay=\"true\" data-overlay-color=\"rgba(0,0,0,0.75)\" data-overlay-pattern=\"\" data-overlay-pattern-opacity=\"0.8\" data-overlay-pattern-size=\"\" data-overlay-pattern-attachment=\"scroll\"    ><\/div>","protected":false},"excerpt":{"rendered":"Psihosocijalna podr\u0161ka Queer Sport Split je mjesto prihva\u0107anja, podr\u0161ke, uva\u017eanja, sigurnost i osna\u017eivanja za lokalnu LGBTIQ zajednicu.\u00a0 Stoga, u na\u0161em savjetovali\u0161tu, u sigurnom okru\u017eenju i sa stru\u010dnim osobama dobit \u0107e\u0161 svu potrebnu podr\u0161ku kako bi lak\u0161e rije\u0161io\/la ili kako bi se lak\u0161e nosio\/la s raznoraznim \u017eivotnim situacijama, problemima i izazovima kojima se suo\u010dava\u0161 kao LGBTIQ+ [...]","protected":false},"author":1,"featured_media":0,"parent":0,"menu_order":3,"comment_status":"closed","ping_status":"closed","template":"page.php","meta":{"footnotes":""},"class_list":["post-1306","page","type-page","status-publish","hentry"],"_links":{"self":[{"href":"https:\/\/www.qss.hr\/en\/wp-json\/wp\/v2\/pages\/1306","targetHints":{"allow":["GET"]}}],"collection":[{"href":"https:\/\/www.qss.hr\/en\/wp-json\/wp\/v2\/pages"}],"about":[{"href":"https:\/\/www.qss.hr\/en\/wp-json\/wp\/v2\/types\/page"}],"author":[{"embeddable":true,"href":"https:\/\/www.qss.hr\/en\/wp-json\/wp\/v2\/users\/1"}],"replies":[{"embeddable":true,"href":"https:\/\/www.qss.hr\/en\/wp-json\/wp\/v2\/comments?post=1306"}],"version-history":[{"count":16,"href":"https:\/\/www.qss.hr\/en\/wp-json\/wp\/v2\/pages\/1306\/revisions"}],"predecessor-version":[{"id":1632,"href":"https:\/\/www.qss.hr\/en\/wp-json\/wp\/v2\/pages\/1306\/revisions\/1632"}],"wp:attachment":[{"href":"https:\/\/www.qss.hr\/en\/wp-json\/wp\/v2\/media?parent=1306"}],"curies":[{"name":"wp","href":"https:\/\/api.w.org\/{rel}","templated":true}]}}